{"id":314,"date":"2023-03-31T18:53:35","date_gmt":"2023-03-31T18:53:35","guid":{"rendered":"http:\/\/kakteenfreundemainzwiesbaden.de\/?page_id=314"},"modified":"2023-03-31T20:07:21","modified_gmt":"2023-03-31T20:07:21","slug":"beitritt-zum-verein","status":"publish","type":"page","link":"https:\/\/kakteenfreundemainzwiesbaden.de\/?page_id=314","title":{"rendered":"Beitritt zum Verein"},"content":{"rendered":"\n<div class=\"wp-block-group\"><div class=\"wp-block-group__inner-container is-layout-constrained wp-block-group-is-layout-constrained\">\n<p style=\"font-size:18px\">Haben Sie Interesse an Kakteen und Sukkulenten? Dann kommen Sie doch zu uns und werden Sie Mitglied in der DKG Ortsgruppe Rhein-Main. <\/p>\n\n\n\n<p style=\"font-size:18px\">Dazu bitte folgendes Bild herunterladen, ausf\u00fcllen und ausgef\u00fcllt als Datei per E-Mail zur\u00fcckschicken an                                                   &#x6b;&#x61;kt&#x75;&#x73;&#45;mz&#x2d;&#x77;&#105;&#64;t&#x2d;&#x6f;&#110;li&#x6e;&#x65;&#46;d&#x65;      <\/p>\n<\/div><\/div>\n\n\n\n<figure class=\"wp-block-image size-large is-resized\"><img loading=\"lazy\" decoding=\"async\" src=\"https:\/\/kakteenfreundemainzwiesbaden.de\/wp-content\/uploads\/2023\/03\/Formblatt_Beitritt-3-pdf-724x1024.jpg\" alt=\"\" class=\"wp-image-332\" width=\"648\" height=\"915\"\/><\/figure>\n","protected":false},"excerpt":{"rendered":"<p>Haben Sie Interesse an Kakteen und Sukkulenten? Dann kommen Sie doch zu uns und werden Sie Mitglied in der DKG Ortsgruppe Rhein-Main. Dazu bitte folgendes Bild herunterladen, ausf\u00fcllen und ausgef\u00fcllt als Datei per E-Mail zur\u00fcckschicken an k&#x61;&#x6b;t&#117;&#x73;-&#109;&#x7a;-&#119;&#x69;&#64;t&#x2d;&#x6f;n&#x6c;&#x69;n&#101;&#x2e;d&#101;<\/p>\n","protected":false},"author":1,"featured_media":0,"parent":0,"menu_order":0,"comment_status":"closed","ping_status":"closed","template":"","meta":{"footnotes":""},"_links":{"self":[{"href":"https:\/\/kakteenfreundemainzwiesbaden.de\/index.php?rest_route=\/wp\/v2\/pages\/314"}],"collection":[{"href":"https:\/\/kakteenfreundemainzwiesbaden.de\/index.php?rest_route=\/wp\/v2\/pages"}],"about":[{"href":"https:\/\/kakteenfreundemainzwiesbaden.de\/index.php?rest_route=\/wp\/v2\/types\/page"}],"author":[{"embeddable":true,"href":"https:\/\/kakteenfreundemainzwiesbaden.de\/index.php?rest_route=\/wp\/v2\/users\/1"}],"replies":[{"embeddable":true,"href":"https:\/\/kakteenfreundemainzwiesbaden.de\/index.php?rest_route=%2Fwp%2Fv2%2Fcomments&post=314"}],"version-history":[{"count":12,"href":"https:\/\/kakteenfreundemainzwiesbaden.de\/index.php?rest_route=\/wp\/v2\/pages\/314\/revisions"}],"predecessor-version":[{"id":342,"href":"https:\/\/kakteenfreundemainzwiesbaden.de\/index.php?rest_route=\/wp\/v2\/pages\/314\/revisions\/342"}],"wp:attachment":[{"href":"https:\/\/kakteenfreundemainzwiesbaden.de\/index.php?rest_route=%2Fwp%2Fv2%2Fmedia&parent=314"}],"curies":[{"name":"wp","href":"https:\/\/api.w.org\/{rel}","templated":true}]}}