{"id":371,"date":"2023-05-14T19:44:12","date_gmt":"2023-05-14T19:44:12","guid":{"rendered":"http:\/\/kakteenfreundemainzwiesbaden.de\/?page_id=371"},"modified":"2025-02-23T18:24:41","modified_gmt":"2025-02-23T18:24:41","slug":"kakteenschau-2023","status":"publish","type":"page","link":"https:\/\/kakteenfreundemainzwiesbaden.de\/?page_id=371","title":{"rendered":"Wiesbadener Kakteenschau 2025"},"content":{"rendered":"\n<figure class=\"wp-block-image size-large is-resized\"><img loading=\"lazy\" decoding=\"async\" width=\"724\" height=\"1024\" src=\"https:\/\/kakteenfreundemainzwiesbaden.de\/wp-content\/uploads\/2025\/01\/PSX_20250118_073145-724x1024.jpg\" alt=\"\" class=\"wp-image-563\" style=\"width:252px;height:auto\" srcset=\"https:\/\/kakteenfreundemainzwiesbaden.de\/wp-content\/uploads\/2025\/01\/PSX_20250118_073145-724x1024.jpg 724w, https:\/\/kakteenfreundemainzwiesbaden.de\/wp-content\/uploads\/2025\/01\/PSX_20250118_073145-212x300.jpg 212w, https:\/\/kakteenfreundemainzwiesbaden.de\/wp-content\/uploads\/2025\/01\/PSX_20250118_073145-768x1086.jpg 768w, https:\/\/kakteenfreundemainzwiesbaden.de\/wp-content\/uploads\/2025\/01\/PSX_20250118_073145-1086x1536.jpg 1086w, https:\/\/kakteenfreundemainzwiesbaden.de\/wp-content\/uploads\/2025\/01\/PSX_20250118_073145-1448x2048.jpg 1448w, https:\/\/kakteenfreundemainzwiesbaden.de\/wp-content\/uploads\/2025\/01\/PSX_20250118_073145-scaled.jpg 1810w\" sizes=\"(max-width: 724px) 100vw, 724px\" \/><\/figure>\n\n\n\n<ol start=\"39\">\n<li class=\"has-medium-font-size\">Wiesbadener Kakteenschau<\/li>\n<\/ol>\n\n\n\n<figure class=\"wp-block-image size-large\"><img loading=\"lazy\" decoding=\"async\" width=\"727\" height=\"1024\" src=\"https:\/\/kakteenfreundemainzwiesbaden.de\/wp-content\/uploads\/2025\/02\/PSX_20250223_191859-727x1024.jpg\" alt=\"\" class=\"wp-image-579\" srcset=\"https:\/\/kakteenfreundemainzwiesbaden.de\/wp-content\/uploads\/2025\/02\/PSX_20250223_191859-727x1024.jpg 727w, https:\/\/kakteenfreundemainzwiesbaden.de\/wp-content\/uploads\/2025\/02\/PSX_20250223_191859-213x300.jpg 213w, https:\/\/kakteenfreundemainzwiesbaden.de\/wp-content\/uploads\/2025\/02\/PSX_20250223_191859-768x1082.jpg 768w, https:\/\/kakteenfreundemainzwiesbaden.de\/wp-content\/uploads\/2025\/02\/PSX_20250223_191859.jpg 1065w\" sizes=\"(max-width: 727px) 100vw, 727px\" \/><\/figure>\n\n\n\n<p class=\"has-medium-font-size\">Weil das dritte Wochenende im April auf Ostern f\u00e4llt, treffen sich die Kakteenfreunde zwei Wochen sp\u00e4ter als \u00fcblich am 03.und 04. Mai 2025 im B\u00fcrgerhaus Wiesbaden-Delkenheim (M\u00fcnchener Str. 2) zur 39. Wiesbadener Kakteenschau. 24 Aussteller aus 4 L\u00e4ndern pr\u00e4sentieren ihr Angebot aus 1000en Kakteen, Sukkulenten und exotischen Pflanzen an \u00fcber 100qm Tischen. Dazu gibt es noch Substrate, anderes Zubeh\u00f6r, Literatur und als Abrundung Anbieter von Orchideen und Kunsthandwerk.<\/p>\n\n\n\n<p class=\"has-medium-font-size\">Am 03. Mai 2025 l\u00e4dt die Deutsche Kakteen Gesellschaft (DKG) zur Jahreshauptversammlung um 14:00 Uhr in unseren Vortragsraum ein.<\/p>\n\n\n\n<p class=\"has-medium-font-size\">3,50\u20ac kostet die Tageskarte. Unser begehrtes Begleitheft, die &#8222;Kaktusbl\u00fcte&#8220;, kann zum verg\u00fcnstigsten Preis von 1,50\u20ac dazu erworben werden. Kinder und Jugendliche bis 16J. haben freien Eintritt.<\/p>\n\n\n\n<p class=\"has-medium-font-size\">Die Kakteenschau ist ge\u00f6ffnet am<\/p>\n\n\n\n<ol start=\"3\">\n<li class=\"has-medium-font-size\">Mai 2025 09:30 bis 17:30,<\/li>\n\n\n\n<li class=\"has-medium-font-size\">Mai 2025 10:00 bis 16:00.<\/li>\n<\/ol>\n\n\n\n<p class=\"has-medium-font-size\">Die Ausstellung wird erg\u00e4nzt durch Bildvortr\u00e4ge mehrerer Referenten und f\u00fcr den Hunger zwischendurch gibt es eine Cafeteria mit Weck, Wurst und Kuchen.<\/p>\n\n\n\n<p>Folgende Aussteller sind mit ihrem Angebot vertreten:<\/p>\n\n\n\n<p>Daniel Beck, Zeil am Main<br>Ludwig Daum, Pfungstadt<br>Agave Specialist \/ Gerard Geling, Hoogezand\/NL<br>Peter Kreich, Freiberg-Heutingsheim<br>Gangolf W. Kriechbaum, Alzenau<br>Greenlink GmbH \/ Fangrun Guo, D\u00fcsseldorf<br>Ing. Pavel Hertus, Sibrina\/CZ<br>K\u00f6hres Kakteen, Erzhausen<br>Axel Krieger, Saarbr\u00fccken<br>Dirk Kuhn, Ingelheim<br>R\u00fcdiger Mattern, Hasloch<br>Gerrit Melissen, Maartensdijk\/NL<br>Claudia Messerschmidt, Wiesbaden-Breckenheim<br>Klaus-Dieter Nitsch, Schee\u00dfel<br>Kunstmanufaktur Paulduro, Maintal<br>Tim Quiering, Wiesbaden<br>Rarecacti \/ Rudy Krajca, Drasov\/CZ<br>Dr. Jochen Ra\u00dfler,<br>Volker Schmitt, Pfungstadt<br>Claudia + Stefanie Schnellbacher, Pfungstadt<br>Dieter Seeger, Lahnau-Atzbach<br>Uhlig Kakteen, Kernen-Rommelshausen<br>VH Orchideen \/ Michael Heizmann, Mannheim<br>Jean-Pierre Waldner, Betschdorf\/F<\/p>\n\n\n\n<p class=\"has-medium-font-size\">Die Kakteenfreunde Mainz-Wiesbaden u. Umgebung e. V. (OG Rhein Main Taunus der DKG) laden herzlich ein und freuen sich auf Ihren Besuch.<\/p>\n\n\n\n<p><\/p>\n\n\n\n<p>Zur Einstimmung ein paar Bilder der Kakteenschau von 2023:<\/p>\n\n\n\n<figure class=\"wp-block-image size-large\"><img loading=\"lazy\" decoding=\"async\" width=\"1024\" height=\"768\" src=\"https:\/\/kakteenfreundemainzwiesbaden.de\/wp-content\/uploads\/2023\/05\/IMG-20230514-WA0003-1024x768.jpg\" alt=\"\" class=\"wp-image-361\" srcset=\"https:\/\/kakteenfreundemainzwiesbaden.de\/wp-content\/uploads\/2023\/05\/IMG-20230514-WA0003-1024x768.jpg 1024w, https:\/\/kakteenfreundemainzwiesbaden.de\/wp-content\/uploads\/2023\/05\/IMG-20230514-WA0003-300x225.jpg 300w, https:\/\/kakteenfreundemainzwiesbaden.de\/wp-content\/uploads\/2023\/05\/IMG-20230514-WA0003-768x576.jpg 768w, https:\/\/kakteenfreundemainzwiesbaden.de\/wp-content\/uploads\/2023\/05\/IMG-20230514-WA0003-1536x1153.jpg 1536w, https:\/\/kakteenfreundemainzwiesbaden.de\/wp-content\/uploads\/2023\/05\/IMG-20230514-WA0003.jpg 1599w\" sizes=\"(max-width: 1024px) 100vw, 1024px\" \/><figcaption class=\"wp-element-caption\">Wir beide werden nur zusammen verkauft &#x2764;&#xfe0f;&#x2764;&#xfe0f;<\/figcaption><\/figure>\n\n\n\n<figure class=\"wp-block-image size-large\"><img loading=\"lazy\" decoding=\"async\" width=\"1024\" height=\"768\" src=\"https:\/\/kakteenfreundemainzwiesbaden.de\/wp-content\/uploads\/2023\/05\/IMG-20230514-WA0008-1024x768.jpg\" alt=\"\" class=\"wp-image-365\" srcset=\"https:\/\/kakteenfreundemainzwiesbaden.de\/wp-content\/uploads\/2023\/05\/IMG-20230514-WA0008-1024x768.jpg 1024w, https:\/\/kakteenfreundemainzwiesbaden.de\/wp-content\/uploads\/2023\/05\/IMG-20230514-WA0008-300x225.jpg 300w, https:\/\/kakteenfreundemainzwiesbaden.de\/wp-content\/uploads\/2023\/05\/IMG-20230514-WA0008-768x576.jpg 768w, https:\/\/kakteenfreundemainzwiesbaden.de\/wp-content\/uploads\/2023\/05\/IMG-20230514-WA0008-1536x1152.jpg 1536w, https:\/\/kakteenfreundemainzwiesbaden.de\/wp-content\/uploads\/2023\/05\/IMG-20230514-WA0008.jpg 2048w\" sizes=\"(max-width: 1024px) 100vw, 1024px\" \/><\/figure>\n\n\n\n<figure class=\"wp-block-image size-large\"><img loading=\"lazy\" decoding=\"async\" width=\"1024\" height=\"768\" src=\"https:\/\/kakteenfreundemainzwiesbaden.de\/wp-content\/uploads\/2023\/05\/IMG-20230514-WA0015-1024x768.jpg\" alt=\"\" class=\"wp-image-372\" srcset=\"https:\/\/kakteenfreundemainzwiesbaden.de\/wp-content\/uploads\/2023\/05\/IMG-20230514-WA0015-1024x768.jpg 1024w, https:\/\/kakteenfreundemainzwiesbaden.de\/wp-content\/uploads\/2023\/05\/IMG-20230514-WA0015-300x225.jpg 300w, https:\/\/kakteenfreundemainzwiesbaden.de\/wp-content\/uploads\/2023\/05\/IMG-20230514-WA0015-768x576.jpg 768w, https:\/\/kakteenfreundemainzwiesbaden.de\/wp-content\/uploads\/2023\/05\/IMG-20230514-WA0015-1536x1152.jpg 1536w, https:\/\/kakteenfreundemainzwiesbaden.de\/wp-content\/uploads\/2023\/05\/IMG-20230514-WA0015.jpg 1824w\" sizes=\"(max-width: 1024px) 100vw, 1024px\" \/><\/figure>\n\n\n\n<figure class=\"wp-block-image size-large\"><img loading=\"lazy\" decoding=\"async\" width=\"1024\" height=\"768\" src=\"https:\/\/kakteenfreundemainzwiesbaden.de\/wp-content\/uploads\/2023\/05\/IMG-20230514-WA0007-1024x768.jpg\" alt=\"\" class=\"wp-image-364\" srcset=\"https:\/\/kakteenfreundemainzwiesbaden.de\/wp-content\/uploads\/2023\/05\/IMG-20230514-WA0007-1024x768.jpg 1024w, https:\/\/kakteenfreundemainzwiesbaden.de\/wp-content\/uploads\/2023\/05\/IMG-20230514-WA0007-300x225.jpg 300w, https:\/\/kakteenfreundemainzwiesbaden.de\/wp-content\/uploads\/2023\/05\/IMG-20230514-WA0007-768x576.jpg 768w, https:\/\/kakteenfreundemainzwiesbaden.de\/wp-content\/uploads\/2023\/05\/IMG-20230514-WA0007-1536x1152.jpg 1536w, https:\/\/kakteenfreundemainzwiesbaden.de\/wp-content\/uploads\/2023\/05\/IMG-20230514-WA0007.jpg 2048w\" sizes=\"(max-width: 1024px) 100vw, 1024px\" \/><\/figure>\n\n\n\n<figure class=\"wp-block-image size-large\"><img loading=\"lazy\" decoding=\"async\" width=\"1024\" height=\"768\" src=\"https:\/\/kakteenfreundemainzwiesbaden.de\/wp-content\/uploads\/2023\/05\/IMG-20230514-WA0014-1024x768.jpg\" alt=\"\" class=\"wp-image-370\" srcset=\"https:\/\/kakteenfreundemainzwiesbaden.de\/wp-content\/uploads\/2023\/05\/IMG-20230514-WA0014-1024x768.jpg 1024w, https:\/\/kakteenfreundemainzwiesbaden.de\/wp-content\/uploads\/2023\/05\/IMG-20230514-WA0014-300x225.jpg 300w, https:\/\/kakteenfreundemainzwiesbaden.de\/wp-content\/uploads\/2023\/05\/IMG-20230514-WA0014-768x576.jpg 768w, https:\/\/kakteenfreundemainzwiesbaden.de\/wp-content\/uploads\/2023\/05\/IMG-20230514-WA0014-1536x1152.jpg 1536w, https:\/\/kakteenfreundemainzwiesbaden.de\/wp-content\/uploads\/2023\/05\/IMG-20230514-WA0014.jpg 2048w\" sizes=\"(max-width: 1024px) 100vw, 1024px\" \/><\/figure>\n\n\n\n<figure class=\"wp-block-image size-large is-resized\"><img loading=\"lazy\" decoding=\"async\" width=\"1024\" height=\"768\" src=\"https:\/\/kakteenfreundemainzwiesbaden.de\/wp-content\/uploads\/2023\/05\/IMG-20230514-WA0013-1024x768.jpg\" alt=\"\" class=\"wp-image-369\" style=\"width:605px;height:453px\" srcset=\"https:\/\/kakteenfreundemainzwiesbaden.de\/wp-content\/uploads\/2023\/05\/IMG-20230514-WA0013-1024x768.jpg 1024w, https:\/\/kakteenfreundemainzwiesbaden.de\/wp-content\/uploads\/2023\/05\/IMG-20230514-WA0013-300x225.jpg 300w, https:\/\/kakteenfreundemainzwiesbaden.de\/wp-content\/uploads\/2023\/05\/IMG-20230514-WA0013-768x576.jpg 768w, https:\/\/kakteenfreundemainzwiesbaden.de\/wp-content\/uploads\/2023\/05\/IMG-20230514-WA0013-1536x1152.jpg 1536w, https:\/\/kakteenfreundemainzwiesbaden.de\/wp-content\/uploads\/2023\/05\/IMG-20230514-WA0013.jpg 2048w\" sizes=\"(max-width: 1024px) 100vw, 1024px\" \/><\/figure>\n\n\n\n<figure class=\"wp-block-image size-large\"><img loading=\"lazy\" decoding=\"async\" width=\"1024\" height=\"768\" src=\"https:\/\/kakteenfreundemainzwiesbaden.de\/wp-content\/uploads\/2023\/05\/IMG-20230514-WA0012-1024x768.jpg\" alt=\"\" class=\"wp-image-368\" srcset=\"https:\/\/kakteenfreundemainzwiesbaden.de\/wp-content\/uploads\/2023\/05\/IMG-20230514-WA0012-1024x768.jpg 1024w, https:\/\/kakteenfreundemainzwiesbaden.de\/wp-content\/uploads\/2023\/05\/IMG-20230514-WA0012-300x225.jpg 300w, https:\/\/kakteenfreundemainzwiesbaden.de\/wp-content\/uploads\/2023\/05\/IMG-20230514-WA0012-768x576.jpg 768w, https:\/\/kakteenfreundemainzwiesbaden.de\/wp-content\/uploads\/2023\/05\/IMG-20230514-WA0012-1536x1152.jpg 1536w, https:\/\/kakteenfreundemainzwiesbaden.de\/wp-content\/uploads\/2023\/05\/IMG-20230514-WA0012.jpg 1824w\" sizes=\"(max-width: 1024px) 100vw, 1024px\" \/><\/figure>\n\n\n\n<figure class=\"wp-block-image size-large\"><img loading=\"lazy\" decoding=\"async\" width=\"1024\" height=\"768\" src=\"https:\/\/kakteenfreundemainzwiesbaden.de\/wp-content\/uploads\/2023\/05\/IMG-20230514-WA0002-1024x768.jpg\" alt=\"\" class=\"wp-image-360\" srcset=\"https:\/\/kakteenfreundemainzwiesbaden.de\/wp-content\/uploads\/2023\/05\/IMG-20230514-WA0002-1024x768.jpg 1024w, https:\/\/kakteenfreundemainzwiesbaden.de\/wp-content\/uploads\/2023\/05\/IMG-20230514-WA0002-300x225.jpg 300w, https:\/\/kakteenfreundemainzwiesbaden.de\/wp-content\/uploads\/2023\/05\/IMG-20230514-WA0002-768x576.jpg 768w, https:\/\/kakteenfreundemainzwiesbaden.de\/wp-content\/uploads\/2023\/05\/IMG-20230514-WA0002-1536x1153.jpg 1536w, https:\/\/kakteenfreundemainzwiesbaden.de\/wp-content\/uploads\/2023\/05\/IMG-20230514-WA0002.jpg 1599w\" sizes=\"(max-width: 1024px) 100vw, 1024px\" \/><\/figure>\n\n\n\n<figure class=\"wp-block-image size-large\"><img loading=\"lazy\" decoding=\"async\" width=\"1024\" height=\"768\" src=\"https:\/\/kakteenfreundemainzwiesbaden.de\/wp-content\/uploads\/2023\/05\/IMG-20230514-WA0010-1024x768.jpg\" alt=\"\" class=\"wp-image-366\" srcset=\"https:\/\/kakteenfreundemainzwiesbaden.de\/wp-content\/uploads\/2023\/05\/IMG-20230514-WA0010-1024x768.jpg 1024w, https:\/\/kakteenfreundemainzwiesbaden.de\/wp-content\/uploads\/2023\/05\/IMG-20230514-WA0010-300x225.jpg 300w, https:\/\/kakteenfreundemainzwiesbaden.de\/wp-content\/uploads\/2023\/05\/IMG-20230514-WA0010-768x576.jpg 768w, https:\/\/kakteenfreundemainzwiesbaden.de\/wp-content\/uploads\/2023\/05\/IMG-20230514-WA0010-1536x1152.jpg 1536w, https:\/\/kakteenfreundemainzwiesbaden.de\/wp-content\/uploads\/2023\/05\/IMG-20230514-WA0010.jpg 2048w\" sizes=\"(max-width: 1024px) 100vw, 1024px\" \/><\/figure>\n\n\n\n<figure class=\"wp-block-image size-large\"><img loading=\"lazy\" decoding=\"async\" width=\"1024\" height=\"768\" src=\"https:\/\/kakteenfreundemainzwiesbaden.de\/wp-content\/uploads\/2023\/05\/IMG-20230514-WA0011-1024x768.jpg\" alt=\"\" class=\"wp-image-367\" srcset=\"https:\/\/kakteenfreundemainzwiesbaden.de\/wp-content\/uploads\/2023\/05\/IMG-20230514-WA0011-1024x768.jpg 1024w, https:\/\/kakteenfreundemainzwiesbaden.de\/wp-content\/uploads\/2023\/05\/IMG-20230514-WA0011-300x225.jpg 300w, https:\/\/kakteenfreundemainzwiesbaden.de\/wp-content\/uploads\/2023\/05\/IMG-20230514-WA0011-768x576.jpg 768w, https:\/\/kakteenfreundemainzwiesbaden.de\/wp-content\/uploads\/2023\/05\/IMG-20230514-WA0011-1536x1152.jpg 1536w, https:\/\/kakteenfreundemainzwiesbaden.de\/wp-content\/uploads\/2023\/05\/IMG-20230514-WA0011.jpg 2048w\" sizes=\"(max-width: 1024px) 100vw, 1024px\" \/><\/figure>\n\n\n\n<figure class=\"wp-block-image size-large\"><img loading=\"lazy\" decoding=\"async\" width=\"1024\" height=\"768\" src=\"https:\/\/kakteenfreundemainzwiesbaden.de\/wp-content\/uploads\/2023\/05\/IMG-20230514-WA0004-1024x768.jpg\" alt=\"\" class=\"wp-image-362\" srcset=\"https:\/\/kakteenfreundemainzwiesbaden.de\/wp-content\/uploads\/2023\/05\/IMG-20230514-WA0004-1024x768.jpg 1024w, https:\/\/kakteenfreundemainzwiesbaden.de\/wp-content\/uploads\/2023\/05\/IMG-20230514-WA0004-300x225.jpg 300w, https:\/\/kakteenfreundemainzwiesbaden.de\/wp-content\/uploads\/2023\/05\/IMG-20230514-WA0004-768x576.jpg 768w, https:\/\/kakteenfreundemainzwiesbaden.de\/wp-content\/uploads\/2023\/05\/IMG-20230514-WA0004-1536x1153.jpg 1536w, https:\/\/kakteenfreundemainzwiesbaden.de\/wp-content\/uploads\/2023\/05\/IMG-20230514-WA0004.jpg 1599w\" sizes=\"(max-width: 1024px) 100vw, 1024px\" \/><\/figure>\n\n\n\n<figure class=\"wp-block-image size-large\"><img loading=\"lazy\" decoding=\"async\" width=\"1024\" height=\"768\" src=\"https:\/\/kakteenfreundemainzwiesbaden.de\/wp-content\/uploads\/2023\/05\/IMG-20230514-WA0005-1024x768.jpg\" alt=\"\" class=\"wp-image-363\" srcset=\"https:\/\/kakteenfreundemainzwiesbaden.de\/wp-content\/uploads\/2023\/05\/IMG-20230514-WA0005-1024x768.jpg 1024w, https:\/\/kakteenfreundemainzwiesbaden.de\/wp-content\/uploads\/2023\/05\/IMG-20230514-WA0005-300x225.jpg 300w, https:\/\/kakteenfreundemainzwiesbaden.de\/wp-content\/uploads\/2023\/05\/IMG-20230514-WA0005-768x576.jpg 768w, https:\/\/kakteenfreundemainzwiesbaden.de\/wp-content\/uploads\/2023\/05\/IMG-20230514-WA0005-1536x1152.jpg 1536w, https:\/\/kakteenfreundemainzwiesbaden.de\/wp-content\/uploads\/2023\/05\/IMG-20230514-WA0005.jpg 2048w\" sizes=\"(max-width: 1024px) 100vw, 1024px\" \/><\/figure>\n\n\n\n<p><\/p>\n","protected":false},"excerpt":{"rendered":"<p>Weil das dritte Wochenende im April auf Ostern f\u00e4llt, treffen sich die Kakteenfreunde zwei Wochen sp\u00e4ter als \u00fcblich am 03.und 04. Mai 2025 im B\u00fcrgerhaus Wiesbaden-Delkenheim (M\u00fcnchener Str. 2) zur 39. Wiesbadener Kakteenschau. 24 Aussteller aus 4 L\u00e4ndern pr\u00e4sentieren ihr Angebot aus 1000en Kakteen, Sukkulenten und exotischen Pflanzen an \u00fcber 100qm Tischen. Dazu gibt es &hellip; <a href=\"https:\/\/kakteenfreundemainzwiesbaden.de\/?page_id=371\" class=\"more-link\"><span class=\"screen-reader-text\">Wiesbadener Kakteenschau 2025<\/span> weiterlesen<\/a><\/p>\n","protected":false},"author":1,"featured_media":0,"parent":0,"menu_order":0,"comment_status":"closed","ping_status":"closed","template":"","meta":{"footnotes":""},"_links":{"self":[{"href":"https:\/\/kakteenfreundemainzwiesbaden.de\/index.php?rest_route=\/wp\/v2\/pages\/371"}],"collection":[{"href":"https:\/\/kakteenfreundemainzwiesbaden.de\/index.php?rest_route=\/wp\/v2\/pages"}],"about":[{"href":"https:\/\/kakteenfreundemainzwiesbaden.de\/index.php?rest_route=\/wp\/v2\/types\/page"}],"author":[{"embeddable":true,"href":"https:\/\/kakteenfreundemainzwiesbaden.de\/index.php?rest_route=\/wp\/v2\/users\/1"}],"replies":[{"embeddable":true,"href":"https:\/\/kakteenfreundemainzwiesbaden.de\/index.php?rest_route=%2Fwp%2Fv2%2Fcomments&post=371"}],"version-history":[{"count":15,"href":"https:\/\/kakteenfreundemainzwiesbaden.de\/index.php?rest_route=\/wp\/v2\/pages\/371\/revisions"}],"predecessor-version":[{"id":581,"href":"https:\/\/kakteenfreundemainzwiesbaden.de\/index.php?rest_route=\/wp\/v2\/pages\/371\/revisions\/581"}],"wp:attachment":[{"href":"https:\/\/kakteenfreundemainzwiesbaden.de\/index.php?rest_route=%2Fwp%2Fv2%2Fmedia&parent=371"}],"curies":[{"name":"wp","href":"https:\/\/api.w.org\/{rel}","templated":true}]}}