{"id":57,"date":"2019-02-01T21:54:42","date_gmt":"2019-02-01T21:54:42","guid":{"rendered":"http:\/\/kakteenfreundemainzwiesbaden.de\/?page_id=57"},"modified":"2024-04-19T17:09:02","modified_gmt":"2024-04-19T17:09:02","slug":"datenschutzerklaerung","status":"publish","type":"page","link":"https:\/\/kakteenfreundemainzwiesbaden.de\/?page_id=57","title":{"rendered":"Impressum \/ Datenschutzerkl\u00e4rung"},"content":{"rendered":"\n<p>Verantwortliche Stelle im Sinne der Datenschutzgesetze, insbesondere der EU-Datenschutzgrundverordnung (DSGVO), ist:<\/p>\n\n\n\n<p>Sandra Schaefer<br> Dr.Joh.Kohlstr.12<br> 55411 Bingen<br> Tel.:0176 64228121<br> Email: &#x73;&#109;sr&#x2e;&#x62;in&#x40;&#x66;re&#x65;&#x6e;&#101;t&#x2e;&#x64;&#101;<br><\/p>\n\n\n\n<p><br><\/p>\n\n\n\n<h2 class=\"wp-block-heading\">Ihre Betroffenenrechte<\/h2>\n\n\n\n<p>Unter den angegebenen Kontaktdaten unseres Datenschutzbeauftragten k\u00f6nnen Sie jederzeit folgende Rechte aus\u00fcben:<\/p>\n\n\n\n<ul><li>Auskunft \u00fcber Ihre bei uns gespeicherten Daten und deren Verarbeitung,<\/li><li>Berichtigung unrichtiger personenbezogener Daten,<\/li><li>L\u00f6schung Ihrer bei uns gespeicherten Daten,<\/li><li>Einschr\u00e4nkung der Datenverarbeitung, sofern wir Ihre Daten aufgrund gesetzlicher Pflichten noch nicht l\u00f6schen d\u00fcrfen,<\/li><li>Widerspruch gegen die Verarbeitung Ihrer Daten bei uns und<\/li><li>Daten\u00fcbertragbarkeit, sofern Sie in die Datenverarbeitung eingewilligt haben oder einen Vertrag mit uns abgeschlossen haben.<\/li><\/ul>\n\n\n\n<p>Sofern Sie uns eine Einwilligung erteilt haben, k\u00f6nnen Sie diese jederzeit mit Wirkung f\u00fcr die Zukunft widerrufen.<\/p>\n\n\n\n<p>Sie k\u00f6nnen sich jederzeit mit einer Beschwerde an die f\u00fcr Sie \nzust\u00e4ndige Aufsichtsbeh\u00f6rde wenden. Ihre zust\u00e4ndige Aufsichtsbeh\u00f6rde \nrichtet sich nach dem Bundesland Ihres Wohnsitzes, Ihrer Arbeit oder der\n mutma\u00dflichen Verletzung. Eine Liste der Aufsichtsbeh\u00f6rden (f\u00fcr den \nnicht\u00f6ffentlichen Bereich) mit Anschrift finden Sie unter: <a href=\"https:\/\/www.bfdi.bund.de\/DE\/Infothek\/Anschriften_Links\/anschriften_links-node.html\" target=\"_blank\" rel=\"noreferrer noopener\">https:\/\/www.bfdi.bund.de\/DE\/Infothek\/Anschriften_Links\/anschriften_links-node.html<\/a>.<\/p>\n\n\n\n<h2 class=\"wp-block-heading\">Zwecke der Datenverarbeitung durch die verantwortliche Stelle und Dritte<\/h2>\n\n\n\n<p>Wir verarbeiten Ihre personenbezogenen Daten nur zu den in dieser \nDatenschutzerkl\u00e4rung genannten Zwecken. Eine \u00dcbermittlung Ihrer \npers\u00f6nlichen Daten an Dritte zu anderen als den genannten Zwecken findet\n nicht statt. Wir geben Ihre pers\u00f6nlichen Daten nur an Dritte weiter, \nwenn:<\/p>\n\n\n\n<ul><li>Sie Ihre ausdr\u00fcckliche Einwilligung dazu erteilt haben,<\/li><li>die Verarbeitung zur Abwicklung eines Vertrags mit Ihnen erforderlich ist,<\/li><li>die Verarbeitung zur Erf\u00fcllung einer rechtlichen Verpflichtung erforderlich ist,<\/li><\/ul>\n\n\n\n<p>die Verarbeitung zur Wahrung berechtigter Interessen erforderlich ist\n und kein Grund zur Annahme besteht, dass Sie ein \u00fcberwiegendes \nschutzw\u00fcrdiges Interesse an der Nichtweitergabe Ihrer Daten haben.<\/p>\n\n\n\n<h2 class=\"wp-block-heading\">L\u00f6schung bzw. Sperrung der Daten<\/h2>\n\n\n\n<p>Wir halten uns an die Grunds\u00e4tze der Datenvermeidung und \nDatensparsamkeit. Wir speichern Ihre personenbezogenen Daten daher nur \nso lange, wie dies zur Erreichung der hier genannten Zwecke erforderlich\n ist oder wie es die vom Gesetzgeber vorgesehenen vielf\u00e4ltigen \nSpeicherfristen vorsehen. Nach Fortfall des jeweiligen Zweckes bzw. \nAblauf dieser Fristen werden die entsprechenden Daten routinem\u00e4\u00dfig und \nentsprechend den gesetzlichen Vorschriften gesperrt oder gel\u00f6scht.<\/p>\n\n\n\n<h2 class=\"wp-block-heading\">Newsletter<\/h2>\n\n\n\n<p>Auf Grundlage Ihrer ausdr\u00fccklich erteilten Einwilligung, \u00fcbersenden \nwir Ihnen regelm\u00e4\u00dfig unseren Newsletter bzw. vergleichbare Informationen\n per E-Mail an Ihre angegebene E-Mail-Adresse.<\/p>\n\n\n\n<p>F\u00fcr den Empfang des Newsletters ist die Angabe Ihrer E-Mail-Adresse \nausreichend. Bei der Anmeldung zum Bezug unseres Newsletters werden die \nvon Ihnen angegebenen Daten ausschlie\u00dflich f\u00fcr diesen Zweck verwendet. \nAbonnenten k\u00f6nnen auch \u00fcber Umst\u00e4nde per E-Mail informiert werden, die \nf\u00fcr den Dienst oder die Registrierung relevant sind (Beispielsweise \n\u00c4nderungen des Newsletterangebots oder technische Gegebenheiten).<\/p>\n\n\n\n<p>F\u00fcr eine wirksame Registrierung ben\u00f6tigen wir eine valide \nE-Mail-Adresse. Um zu \u00fcberpr\u00fcfen, dass eine Anmeldung tats\u00e4chlich durch \nden Inhaber einer E-Mail-Adresse erfolgt, setzen wir das \n\u201eDouble-opt-in\u201c-Verfahren ein. Hierzu protokollieren wir die Bestellung \ndes Newsletters, den Versand einer Best\u00e4tigungsmail und den Eingang der \nhiermit angeforderten Antwort. Weitere Daten werden nicht erhoben. Die \nDaten werden ausschlie\u00dflich f\u00fcr den Newsletterversand verwendet und \nnicht an Dritte weitergegeben.<\/p>\n\n\n\n<p>Die Einwilligung zur Speicherung Ihrer pers\u00f6nlichen Daten und ihrer \nNutzung f\u00fcr den Newsletterversand k\u00f6nnen Sie jederzeit widerrufen. In \njedem Newsletter findet sich dazu ein entsprechender Link. Au\u00dferdem \nk\u00f6nnen Sie sich jederzeit auch direkt auf dieser Webseite abmelden oder \nuns Ihren entsprechenden Wunsch \u00fcber die am Ende dieser \nDatenschutzhinweise angegebene Kontaktm\u00f6glichkeit mitteilen.<\/p>\n\n\n\n<h2 class=\"wp-block-heading\">Verwendung von Scriptbibliotheken (Google Webfonts)<\/h2>\n\n\n\n<p>Um unsere Inhalte browser\u00fcbergreifend korrekt und grafisch \nansprechend darzustellen, verwenden wir auf dieser Website \nScriptbibliotheken und Schriftbibliotheken wie z. B. Google Webfonts (<a href=\"http:\/\/www.google.com\/webfonts\/\" target=\"_blank\" rel=\"noreferrer noopener\">https:\/\/www.google.com\/webfonts\/<\/a>).\n Google Webfonts werden zur Vermeidung mehrfachen Ladens in den Cache \nIhres Browsers \u00fcbertragen. Falls der Browser die Google Webfonts nicht \nunterst\u00fctzt oder den Zugriff unterbindet, werden Inhalte in einer \nStandardschrift angezeigt.<\/p>\n\n\n\n<p>Der Aufruf von Scriptbibliotheken oder Schriftbibliotheken l\u00f6st \nautomatisch eine Verbindung zum Betreiber der Bibliothek aus. Dabei ist \nes theoretisch m\u00f6glich \u2013 aktuell allerdings auch unklar ob und ggf. zu \nwelchen Zwecken \u2013 dass Betreiber entsprechender Bibliotheken Daten \nerheben.<\/p>\n\n\n\n<p>Die Datenschutzrichtlinie des Bibliothekbetreibers Google finden Sie hier: <a href=\"https:\/\/www.google.com\/policies\/privacy\/\" target=\"_blank\" rel=\"noreferrer noopener\">https:\/\/www.google.com\/policies\/privacy\/<\/a><\/p>\n\n\n\n<h2 class=\"wp-block-heading\"><strong>\u00c4nderung unserer Datenschutzbestimmungen<\/strong><\/h2>\n\n\n\n<p>Wir behalten uns vor, diese Datenschutzerkl\u00e4rung anzupassen, damit \nsie stets den aktuellen rechtlichen Anforderungen entspricht oder um \n\u00c4nderungen unserer Leistungen in der Datenschutzerkl\u00e4rung umzusetzen, \nz.B. bei der Einf\u00fchrung neuer Services. F\u00fcr Ihren erneuten Besuch gilt \ndann die neue Datenschutzerkl\u00e4rung.<\/p>\n\n\n\n<h2 class=\"wp-block-heading\"><strong>Fragen an den Datenschutzbeauftragten<\/strong><\/h2>\n\n\n\n<p>Wenn Sie Fragen zum Datenschutz haben, schreiben Sie uns bitte eine  E-Mail oder wenden Sie sich direkt an die f\u00fcr den Datenschutz  verantwortliche Person in unserer Organisation:<\/p>\n\n\n\n<p>Sandra Schaefer<br>\nDr.Joh.Kohlstr.12<br>\n55411 Bingen<br>\nTel.:0176 64228121<br>\nEmail: &#x73;&#x6d;&#x73;&#x72;&#x2e;&#x62;&#x69;&#x6e;&#x40;&#x66;&#x72;&#101;&#101;&#110;&#101;t&#46;de<\/p>\n\n\n\n<p><\/p>\n\n\n\n<p><em>Die Datenschutzerkl\u00e4rung wurde mit dem <\/em><a rel=\"noreferrer noopener\" href=\"https:\/\/www.activemind.de\/datenschutz\/datenschutzhinweis-generator\/\" target=\"_blank\"><em>Datenschutzerkl\u00e4rungs-Generator der activeMind AG erstellt<\/em><\/a><em>.<\/em><a href=\"https:\/\/de.wordpress.org\/\"> <\/a><\/p>\n","protected":false},"excerpt":{"rendered":"<p>Verantwortliche Stelle im Sinne der Datenschutzgesetze, insbesondere der EU-Datenschutzgrundverordnung (DSGVO), ist: Sandra Schaefer Dr.Joh.Kohlstr.12 55411 Bingen Tel.:0176 64228121 Email: &#115;m&#x73;r&#x2e;b&#x69;n&#x40;&#102;&#x72;&#101;e&#x6e;e&#x74;&#46;&#x64;e Ihre Betroffenenrechte Unter den angegebenen Kontaktdaten unseres Datenschutzbeauftragten k\u00f6nnen Sie jederzeit folgende Rechte aus\u00fcben: Auskunft \u00fcber Ihre bei uns gespeicherten Daten und deren Verarbeitung, Berichtigung unrichtiger personenbezogener Daten, L\u00f6schung Ihrer bei uns gespeicherten Daten, Einschr\u00e4nkung &hellip; <a href=\"https:\/\/kakteenfreundemainzwiesbaden.de\/?page_id=57\" class=\"more-link\"><span class=\"screen-reader-text\">Impressum \/ Datenschutzerkl\u00e4rung<\/span> weiterlesen<\/a><\/p>\n","protected":false},"author":1,"featured_media":0,"parent":0,"menu_order":0,"comment_status":"closed","ping_status":"closed","template":"","meta":{"footnotes":""},"_links":{"self":[{"href":"https:\/\/kakteenfreundemainzwiesbaden.de\/index.php?rest_route=\/wp\/v2\/pages\/57"}],"collection":[{"href":"https:\/\/kakteenfreundemainzwiesbaden.de\/index.php?rest_route=\/wp\/v2\/pages"}],"about":[{"href":"https:\/\/kakteenfreundemainzwiesbaden.de\/index.php?rest_route=\/wp\/v2\/types\/page"}],"author":[{"embeddable":true,"href":"https:\/\/kakteenfreundemainzwiesbaden.de\/index.php?rest_route=\/wp\/v2\/users\/1"}],"replies":[{"embeddable":true,"href":"https:\/\/kakteenfreundemainzwiesbaden.de\/index.php?rest_route=%2Fwp%2Fv2%2Fcomments&post=57"}],"version-history":[{"count":3,"href":"https:\/\/kakteenfreundemainzwiesbaden.de\/index.php?rest_route=\/wp\/v2\/pages\/57\/revisions"}],"predecessor-version":[{"id":488,"href":"https:\/\/kakteenfreundemainzwiesbaden.de\/index.php?rest_route=\/wp\/v2\/pages\/57\/revisions\/488"}],"wp:attachment":[{"href":"https:\/\/kakteenfreundemainzwiesbaden.de\/index.php?rest_route=%2Fwp%2Fv2%2Fmedia&parent=57"}],"curies":[{"name":"wp","href":"https:\/\/api.w.org\/{rel}","templated":true}]}}