{"id":661,"date":"2026-02-19T05:07:53","date_gmt":"2026-02-19T05:07:53","guid":{"rendered":"https:\/\/kakteenfreundemainzwiesbaden.de\/?page_id=661"},"modified":"2026-03-31T20:43:03","modified_gmt":"2026-03-31T20:43:03","slug":"40-kakteenschau-2026","status":"publish","type":"page","link":"https:\/\/kakteenfreundemainzwiesbaden.de\/?page_id=661","title":{"rendered":"40. Kakteenschau 2026"},"content":{"rendered":"\n<p>40. Wiesbadener Kakteenschau<\/p>\n\n\n\n<p> Zum 40sten Mal treffen sich die Kakteenfreunde am dritten April-Wochenende am 18. und 19. April 2026 im B\u00fcrgerhaus Wiesbaden-Delkenheim (M\u00fcnchener Str. 2) zur Wiesbadener Kakteenschau. 25 Aussteller aus 4 L\u00e4ndern pr\u00e4sentieren ihr Angebot aus 1000en Kakteen, Sukkulenten und exotischen Pflanzen an \u00fcber 100qm Tischen. Dazu gibt es noch Substrate, anderes Zubeh\u00f6r, Literatur und Kunsthandwerk.<\/p>\n\n\n\n<p>Die Kakteenschau ist ge\u00f6ffnet am<\/p>\n\n\n\n<p>18. April 2026      09:30 bis 17:30, <\/p>\n\n\n\n<p>19. April 2026      10:00 bis 16:00. <\/p>\n\n\n\n<p>Die Ausstellung wird erg\u00e4nzt durch Bildvortr\u00e4ge mehrerer Referenten und f\u00fcr den Hunger zwischendurch gibt es eine Cafeteria mit Weck, Wurst und Kuchen. <\/p>\n\n\n\n<p>3,50\u20ac kostet die Tageskarte. Unser begehrtes Begleitheft, die &#8222;Kaktusbl\u00fcte&#8220;, kann zum verg\u00fcnstigsten Preis von 1,50\u20ac dazu erworben werden. Kinder und Jugendliche bis 16J. haben freien Eintritt.<\/p>\n\n\n\n<p>Die Kakteenfreunde Mainz-Wiesbaden u. Umgebung e. V. (OG Rhein Main Taunus der DKG) laden herzlich ein und freuen sich auf Ihren Besuch.<\/p>\n\n\n\n<figure class=\"wp-block-image size-large is-resized\"><img loading=\"lazy\" decoding=\"async\" width=\"727\" height=\"1024\" src=\"https:\/\/kakteenfreundemainzwiesbaden.de\/wp-content\/uploads\/2026\/03\/IMG-20260313-WA0000-727x1024.jpg\" alt=\"\" class=\"wp-image-673\" style=\"width:581px;height:auto\" srcset=\"https:\/\/kakteenfreundemainzwiesbaden.de\/wp-content\/uploads\/2026\/03\/IMG-20260313-WA0000-727x1024.jpg 727w, https:\/\/kakteenfreundemainzwiesbaden.de\/wp-content\/uploads\/2026\/03\/IMG-20260313-WA0000-213x300.jpg 213w, https:\/\/kakteenfreundemainzwiesbaden.de\/wp-content\/uploads\/2026\/03\/IMG-20260313-WA0000-768x1081.jpg 768w, https:\/\/kakteenfreundemainzwiesbaden.de\/wp-content\/uploads\/2026\/03\/IMG-20260313-WA0000-1091x1536.jpg 1091w, https:\/\/kakteenfreundemainzwiesbaden.de\/wp-content\/uploads\/2026\/03\/IMG-20260313-WA0000.jpg 1451w\" sizes=\"(max-width: 727px) 100vw, 727px\" \/><\/figure>\n\n\n\n<figure class=\"wp-block-image size-large is-resized\"><img loading=\"lazy\" decoding=\"async\" width=\"843\" height=\"1024\" src=\"https:\/\/kakteenfreundemainzwiesbaden.de\/wp-content\/uploads\/2026\/03\/260331_cut-843x1024.jpg\" alt=\"\" class=\"wp-image-686\" style=\"width:600px\" srcset=\"https:\/\/kakteenfreundemainzwiesbaden.de\/wp-content\/uploads\/2026\/03\/260331_cut-843x1024.jpg 843w, https:\/\/kakteenfreundemainzwiesbaden.de\/wp-content\/uploads\/2026\/03\/260331_cut-247x300.jpg 247w, https:\/\/kakteenfreundemainzwiesbaden.de\/wp-content\/uploads\/2026\/03\/260331_cut-768x933.jpg 768w, https:\/\/kakteenfreundemainzwiesbaden.de\/wp-content\/uploads\/2026\/03\/260331_cut-1264x1536.jpg 1264w, https:\/\/kakteenfreundemainzwiesbaden.de\/wp-content\/uploads\/2026\/03\/260331_cut.jpg 1440w\" sizes=\"(max-width: 843px) 100vw, 843px\" \/><\/figure>\n\n\n\n<p class=\"has-large-font-size\">Programm:<\/p>\n\n\n\n<pre class=\"wp-block-code\"><code>Samstag, 18. April 2026\n09:30 - 17:30 Uhr ge\u00f6ffnet\n\n10:30 Uhr: Vortrag: Kl.-Peter Kleszewski, Wiesbaden \nKakteen und mehr - in einigen Nationalparks der USA\n\n12:00 Uhr: Vortrag: Michael Bechtold, Mannheim \nMexiko im November 2024 -\nAstrophyten, Ariocarpen and more\n\n13:30 Uhr: Vortrag: Manfred Figge, Oberhausen \nCopiapoen und ein bisschen Chile drum rum \n\n\nSonntag, 19. April 2026\n10:00 - 16:00 Uhr ge\u00f6ffnet\n\n13:00 Uhr: Vortrag: Daniel Beck, Zeil am Main\nUnterwegs in der Atacama - R\u00fcckblick auf Chile 2023\n\n\n\n\n\n\n\n\n\n\n\n\n<\/code><\/pre>\n","protected":false},"excerpt":{"rendered":"<p>40. Wiesbadener Kakteenschau Zum 40sten Mal treffen sich die Kakteenfreunde am dritten April-Wochenende am 18. und 19. April 2026 im B\u00fcrgerhaus Wiesbaden-Delkenheim (M\u00fcnchener Str. 2) zur Wiesbadener Kakteenschau. 25 Aussteller aus 4 L\u00e4ndern pr\u00e4sentieren ihr Angebot aus 1000en Kakteen, Sukkulenten und exotischen Pflanzen an \u00fcber 100qm Tischen. Dazu gibt es noch Substrate, anderes Zubeh\u00f6r, Literatur &hellip; <a href=\"https:\/\/kakteenfreundemainzwiesbaden.de\/?page_id=661\" class=\"more-link\"><span class=\"screen-reader-text\">40. Kakteenschau 2026<\/span> weiterlesen<\/a><\/p>\n","protected":false},"author":1,"featured_media":0,"parent":0,"menu_order":0,"comment_status":"closed","ping_status":"closed","template":"","meta":{"footnotes":""},"_links":{"self":[{"href":"https:\/\/kakteenfreundemainzwiesbaden.de\/index.php?rest_route=\/wp\/v2\/pages\/661"}],"collection":[{"href":"https:\/\/kakteenfreundemainzwiesbaden.de\/index.php?rest_route=\/wp\/v2\/pages"}],"about":[{"href":"https:\/\/kakteenfreundemainzwiesbaden.de\/index.php?rest_route=\/wp\/v2\/types\/page"}],"author":[{"embeddable":true,"href":"https:\/\/kakteenfreundemainzwiesbaden.de\/index.php?rest_route=\/wp\/v2\/users\/1"}],"replies":[{"embeddable":true,"href":"https:\/\/kakteenfreundemainzwiesbaden.de\/index.php?rest_route=%2Fwp%2Fv2%2Fcomments&post=661"}],"version-history":[{"count":12,"href":"https:\/\/kakteenfreundemainzwiesbaden.de\/index.php?rest_route=\/wp\/v2\/pages\/661\/revisions"}],"predecessor-version":[{"id":690,"href":"https:\/\/kakteenfreundemainzwiesbaden.de\/index.php?rest_route=\/wp\/v2\/pages\/661\/revisions\/690"}],"wp:attachment":[{"href":"https:\/\/kakteenfreundemainzwiesbaden.de\/index.php?rest_route=%2Fwp%2Fv2%2Fmedia&parent=661"}],"curies":[{"name":"wp","href":"https:\/\/api.w.org\/{rel}","templated":true}]}}